{"id":7235,"date":"2023-01-21T22:00:33","date_gmt":"2023-01-21T19:00:33","guid":{"rendered":"http:\/\/cnd-freres.com\/?page_id=7235"},"modified":"2023-01-21T22:00:34","modified_gmt":"2023-01-21T19:00:34","slug":"chorale","status":"publish","type":"page","link":"http:\/\/cnd-freres.com\/?page_id=7235","title":{"rendered":"Chorale"},"content":{"rendered":"\n<p>La vie sans musique est tout simplement une erreur, une fatigue, que dire donc d\u2019une longue ann\u00e9e scolaire priv\u00e9e d\u2019activit\u00e9 musicale, c\u2019est dans cet esprit que nous avons tenu \u00e0 chanter avec nos \u00e9l\u00e8ves de la EB4 jusqu\u2019en EB8 les grandes r\u00e9ussites de l\u2019art Libanais pour Feyrouz et Zaki Nassif et les classiques Fran\u00e7ais<\/p>\n","protected":false},"excerpt":{"rendered":"<p>La vie sans musique est tout simplement une erreur, une fatigue, que dire donc d\u2019une longue ann\u00e9e scolaire priv\u00e9e d\u2019activit\u00e9 musicale, c\u2019est dans cet esprit que nous avons tenu \u00e0 chanter avec nos \u00e9l\u00e8ves de la EB4 jusqu\u2019en EB8 les grandes r\u00e9ussites de l\u2019art Libanais pour Feyrouz et Zaki Nassif et les classiques Fran\u00e7ais<\/p>\n","protected":false},"author":1,"featured_media":0,"parent":0,"menu_order":0,"comment_status":"closed","ping_status":"closed","template":"","meta":{"footnotes":""},"class_list":["post-7235","page","type-page","status-publish","hentry"],"_links":{"self":[{"href":"http:\/\/cnd-freres.com\/index.php?rest_route=\/wp\/v2\/pages\/7235","targetHints":{"allow":["GET"]}}],"collection":[{"href":"http:\/\/cnd-freres.com\/index.php?rest_route=\/wp\/v2\/pages"}],"about":[{"href":"http:\/\/cnd-freres.com\/index.php?rest_route=\/wp\/v2\/types\/page"}],"author":[{"embeddable":true,"href":"http:\/\/cnd-freres.com\/index.php?rest_route=\/wp\/v2\/users\/1"}],"replies":[{"embeddable":true,"href":"http:\/\/cnd-freres.com\/index.php?rest_route=%2Fwp%2Fv2%2Fcomments&post=7235"}],"version-history":[{"count":0,"href":"http:\/\/cnd-freres.com\/index.php?rest_route=\/wp\/v2\/pages\/7235\/revisions"}],"wp:attachment":[{"href":"http:\/\/cnd-freres.com\/index.php?rest_route=%2Fwp%2Fv2%2Fmedia&parent=7235"}],"curies":[{"name":"wp","href":"https:\/\/api.w.org\/{rel}","templated":true}]}}