{"id":7228,"date":"2023-01-21T19:38:42","date_gmt":"2023-01-21T16:38:42","guid":{"rendered":"http:\/\/cnd-freres.com\/?page_id=7228"},"modified":"2023-01-21T19:41:23","modified_gmt":"2023-01-21T16:41:23","slug":"le-projet-educatif-de-letablissement","status":"publish","type":"page","link":"http:\/\/cnd-freres.com\/?page_id=7228","title":{"rendered":"Le projet \u00e9ducatif de l\u2019\u00e9tablissement"},"content":{"rendered":"\n<p><strong>Nos valeurs<\/strong><\/p>\n\n\n\n<ul class=\"wp-block-list\">\n<li>La fraternit\u00e9<\/li>\n\n\n\n<li>L&rsquo;\u00e9quit\u00e9, (la justice sociale)<\/li>\n\n\n\n<li>La solidarit\u00e9<\/li>\n\n\n\n<li>L&rsquo;\u00e9coute et l\u2019accompagnement<\/li>\n\n\n\n<li>Le service<\/li>\n\n\n\n<li>La foi<\/li>\n\n\n\n<li>L&rsquo;amour et l\u2019engagement<\/li>\n\n\n\n<li>La tol\u00e9rance<\/li>\n\n\n\n<li>Le respect<\/li>\n<\/ul>\n\n\n\n<p><strong>Notre but fondamental<\/strong><\/p>\n\n\n\n<p>Selon l\u2019expression de Saint Jean-Baptiste de la Salle, l\u2019\u00e9cole lasallienne s\u2019efforce d\u2019\u00eatre un \u00ab moyen de salut \u00bb pour les jeunes en dispensant <strong>une \u00e9ducation humaine et chr\u00e9tienne de qualit\u00e9<\/strong>.<\/p>\n\n\n\n<p><strong>Notre vision<\/strong><\/p>\n\n\n\n<p>Le CND est un \u00e9tablissement scolaire catholique, lasallien, francophone, une communaut\u00e9 pluraliste ouverte, \u00e0 l\u2019\u00e9coute des besoins, tol\u00e9rante, qui accepte les diff\u00e9rences et la diversit\u00e9 et assure aux jeunes <strong>une \u00e9ducation humaine, citoyenne et acad\u00e9mique de qualit\u00e9<\/strong>.<\/p>\n\n\n\n<p><strong>Notre mission \u2013 notre raison d\u2019\u00eatre<\/strong><\/p>\n\n\n\n<p>Ensemble et par association, le CND place les enfants et les jeunes au centre de ses int\u00e9r\u00eats p\u00e9dagogiques. Construire \u201cl\u2019Homme et tout l\u2019Homme\u201d constitue notre raison d\u2019\u00eatre, et donc notre mission serait d\u2019\u00e9duquer :<\/p>\n\n\n\n<ul class=\"wp-block-list\">\n<li>De jeunes croyants qui se reconnaissent fr\u00e8res en humanit\u00e9 pour la construction d\u2019un monde plus solidaire, plus juste et plus tol\u00e9rant. Des personnes cultiv\u00e9es, engag\u00e9es et porteuses de valeurs, assidues, fid\u00e8les, jouissant d\u2019une personnalit\u00e9 \u00e9quilibr\u00e9e et distingu\u00e9e ainsi que des jeunes dot\u00e9s d\u2019un esprit critique.<\/li>\n\n\n\n<li>Des citoyens solidaires reconnaissant leurs droits et leurs devoirs, loyaux et fiers de leur appartenance \u00e0 leur patrie et de leur identit\u00e9, des citoyens engag\u00e9s au service de la soci\u00e9t\u00e9 et du bien commun construisant le vivre-ensemble, Citoyens du monde \u00e9panouis et impliqu\u00e9s dans le processus du d\u00e9veloppement durable.<\/li>\n\n\n\n<li>Des personnes capables de r\u00e9ussir et de se r\u00e9aliser elles-m\u00eames sur les plans intellectuel, relationnel et professionnel, b\u00e9n\u00e9ficiant :\n<ul class=\"wp-block-list\">\n<li>D\u2019un enseignement conforme aux principes et aux programmes du syst\u00e8me \u00e9ducatif libanais en s\u2019ouvrant aux programmes fran\u00e7ais dans le cadre de l\u2019homologation<\/li>\n\n\n\n<li>D&rsquo;un apprentissage du num\u00e9rique dans le quotidien de l\u2019\u00e9tablissement favorisant les usages massifs et transversaux propices \u00e0 la r\u00e9ussite scolaire<\/li>\n\n\n\n<li>Du d\u00e9veloppement d\u2019un esprit cr\u00e9atif dans un corps sain<\/li>\n<\/ul>\n<\/li>\n<\/ul>\n\n\n\n<p>En conclusion, notre mission est soutenue par une \u00e9quipe \u00e9ducative disponible \u00e0 l\u2019\u00e9coute et \u00e0 l\u2019accompagnement qui aide \u00e0 faire grandir, un personnel \u00e9ducatif en formation continue mettant en oeuvre des pratiques innovantes, dans une dynamique participative et une p\u00e9dagogie de projet.<\/p>\n","protected":false},"excerpt":{"rendered":"<p>Nos valeurs Notre but fondamental Selon l\u2019expression de Saint Jean-Baptiste de la Salle, l\u2019\u00e9cole lasallienne s\u2019efforce d\u2019\u00eatre un \u00ab moyen de salut \u00bb pour les jeunes en dispensant une \u00e9ducation humaine et chr\u00e9tienne de qualit\u00e9. Notre vision Le CND est un \u00e9tablissement scolaire catholique, lasallien, francophone, une communaut\u00e9 pluraliste ouverte, \u00e0 l\u2019\u00e9coute des besoins, tol\u00e9rante, [&hellip;]<\/p>\n","protected":false},"author":1,"featured_media":0,"parent":0,"menu_order":0,"comment_status":"closed","ping_status":"closed","template":"","meta":{"footnotes":""},"class_list":["post-7228","page","type-page","status-publish","hentry"],"_links":{"self":[{"href":"http:\/\/cnd-freres.com\/index.php?rest_route=\/wp\/v2\/pages\/7228","targetHints":{"allow":["GET"]}}],"collection":[{"href":"http:\/\/cnd-freres.com\/index.php?rest_route=\/wp\/v2\/pages"}],"about":[{"href":"http:\/\/cnd-freres.com\/index.php?rest_route=\/wp\/v2\/types\/page"}],"author":[{"embeddable":true,"href":"http:\/\/cnd-freres.com\/index.php?rest_route=\/wp\/v2\/users\/1"}],"replies":[{"embeddable":true,"href":"http:\/\/cnd-freres.com\/index.php?rest_route=%2Fwp%2Fv2%2Fcomments&post=7228"}],"version-history":[{"count":0,"href":"http:\/\/cnd-freres.com\/index.php?rest_route=\/wp\/v2\/pages\/7228\/revisions"}],"wp:attachment":[{"href":"http:\/\/cnd-freres.com\/index.php?rest_route=%2Fwp%2Fv2%2Fmedia&parent=7228"}],"curies":[{"name":"wp","href":"https:\/\/api.w.org\/{rel}","templated":true}]}}