{"id":386,"date":"2017-02-14T06:03:31","date_gmt":"2017-02-14T03:03:31","guid":{"rendered":"http:\/\/cnd-freres.com\/?page_id=386"},"modified":"2025-08-22T22:06:28","modified_gmt":"2025-08-22T19:06:28","slug":"homepage","status":"publish","type":"page","link":"http:\/\/cnd-freres.com\/","title":{"rendered":""},"content":{"rendered":"\n<div class=\"wp-block-media-text is-stacked-on-mobile\"><figure class=\"wp-block-media-text__media\"><img loading=\"lazy\" decoding=\"async\" width=\"1024\" height=\"682\" src=\"http:\/\/cnd-freres.com\/wp-content\/uploads\/2025\/08\/94285702_1166424783708196_1315456012118917120_n-1024x682.jpg\" alt=\"\" class=\"wp-image-8750 size-full\" srcset=\"http:\/\/cnd-freres.com\/wp-content\/uploads\/2025\/08\/94285702_1166424783708196_1315456012118917120_n-1024x682.jpg 1024w, http:\/\/cnd-freres.com\/wp-content\/uploads\/2025\/08\/94285702_1166424783708196_1315456012118917120_n-300x200.jpg 300w, http:\/\/cnd-freres.com\/wp-content\/uploads\/2025\/08\/94285702_1166424783708196_1315456012118917120_n-768x512.jpg 768w, http:\/\/cnd-freres.com\/wp-content\/uploads\/2025\/08\/94285702_1166424783708196_1315456012118917120_n-600x400.jpg 600w, http:\/\/cnd-freres.com\/wp-content\/uploads\/2025\/08\/94285702_1166424783708196_1315456012118917120_n.jpg 1280w\" sizes=\"auto, (max-width: 1024px) 100vw, 1024px\" \/><\/figure><div class=\"wp-block-media-text__content\">\n<p><strong>Coll\u00e8ge Notre Dame des Fr\u00e8res<\/strong><\/p>\n\n\n\n<p>Le Coll\u00e8ge Notre Dame des Fr\u00e8res des Ecoles Chr\u00e9tiennes a commenc\u00e9 \u00e0 voir le jour en 1939, dans la banlieue sud de Beyrouth, \u00e0 Furn El Chebbak, dans un terrain avoisinant une for\u00eat de pins qui s\u2019\u00e9tendait \u00e0 perte de vue.<\/p>\n\n\n\n<div class=\"wp-block-buttons is-layout-flex wp-block-buttons-is-layout-flex\">\n<div class=\"wp-block-button\"><a class=\"wp-block-button__link wp-element-button\" href=\"http:\/\/cnd-freres.com\/?page_id=3021\">Lire Plus<\/a><\/div>\n<\/div>\n<\/div><\/div>\n\n\n\n<p class=\"has-large-font-size\"><strong>Actualit\u00e9s<\/strong><\/p>\n\n\n<ul class=\"wp-block-latest-posts__list is-grid columns-3 has-dates wp-block-latest-posts\"><li><div class=\"wp-block-latest-posts__featured-image\"><img loading=\"lazy\" decoding=\"async\" width=\"300\" height=\"200\" src=\"http:\/\/cnd-freres.com\/wp-content\/uploads\/2025\/10\/WhatsApp-Image-2025-10-21-at-2.19.34-PM-300x200.jpeg\" class=\"attachment-medium size-medium wp-post-image\" alt=\"\" style=\"\" srcset=\"http:\/\/cnd-freres.com\/wp-content\/uploads\/2025\/10\/WhatsApp-Image-2025-10-21-at-2.19.34-PM-300x200.jpeg 300w, http:\/\/cnd-freres.com\/wp-content\/uploads\/2025\/10\/WhatsApp-Image-2025-10-21-at-2.19.34-PM-1024x682.jpeg 1024w, http:\/\/cnd-freres.com\/wp-content\/uploads\/2025\/10\/WhatsApp-Image-2025-10-21-at-2.19.34-PM-768x512.jpeg 768w, http:\/\/cnd-freres.com\/wp-content\/uploads\/2025\/10\/WhatsApp-Image-2025-10-21-at-2.19.34-PM-600x400.jpeg 600w, http:\/\/cnd-freres.com\/wp-content\/uploads\/2025\/10\/WhatsApp-Image-2025-10-21-at-2.19.34-PM.jpeg 1280w\" sizes=\"auto, (max-width: 300px) 100vw, 300px\" \/><\/div><a class=\"wp-block-latest-posts__post-title\" href=\"http:\/\/cnd-freres.com\/?p=8854\">Un enfant qui lit sera un adulte qui pense.<\/a><time datetime=\"2025-10-24T10:37:01+03:00\" class=\"wp-block-latest-posts__post-date\">24\/10\/2025<\/time><div class=\"wp-block-latest-posts__post-excerpt\"><\/div><\/li>\n<li><div class=\"wp-block-latest-posts__featured-image\"><img loading=\"lazy\" decoding=\"async\" width=\"300\" height=\"200\" src=\"http:\/\/cnd-freres.com\/wp-content\/uploads\/2025\/10\/WhatsApp-Image-2025-10-24-at-10.24.26-AM-2-300x200.jpeg\" class=\"attachment-medium size-medium wp-post-image\" alt=\"\" style=\"\" srcset=\"http:\/\/cnd-freres.com\/wp-content\/uploads\/2025\/10\/WhatsApp-Image-2025-10-24-at-10.24.26-AM-2-300x200.jpeg 300w, http:\/\/cnd-freres.com\/wp-content\/uploads\/2025\/10\/WhatsApp-Image-2025-10-24-at-10.24.26-AM-2-1024x682.jpeg 1024w, http:\/\/cnd-freres.com\/wp-content\/uploads\/2025\/10\/WhatsApp-Image-2025-10-24-at-10.24.26-AM-2-768x512.jpeg 768w, http:\/\/cnd-freres.com\/wp-content\/uploads\/2025\/10\/WhatsApp-Image-2025-10-24-at-10.24.26-AM-2-600x400.jpeg 600w, http:\/\/cnd-freres.com\/wp-content\/uploads\/2025\/10\/WhatsApp-Image-2025-10-24-at-10.24.26-AM-2.jpeg 1120w\" sizes=\"auto, (max-width: 300px) 100vw, 300px\" \/><\/div><a class=\"wp-block-latest-posts__post-title\" href=\"http:\/\/cnd-freres.com\/?p=8842\">Des pas d&rsquo;esp\u00e9rance pour la paix<\/a><time datetime=\"2025-10-24T10:27:50+03:00\" class=\"wp-block-latest-posts__post-date\">24\/10\/2025<\/time><div class=\"wp-block-latest-posts__post-excerpt\">Pour clore les Journ\u00e9es internationales de la Paix, toute la communaut\u00e9 lasallienne du CND a uni ses pas et ses pri\u00e8res Guid\u00e9s par M. Antoine Mdawar, chef d\u2019\u00e9tablissement, le P\u00e8re Joseph Nayel, le cher Fr\u00e8re Sami Hatem et les mamans lasalliennes, un convoi empreint d\u2019esp\u00e9rance a sillonn\u00e9 les quartiers autour de l\u2019\u00e9cole pour porter un\u2026 <a class=\"wp-block-latest-posts__read-more\" href=\"http:\/\/cnd-freres.com\/?p=8842\" rel=\"noopener noreferrer\">Lire la suite<span class=\"screen-reader-text\">\u00a0: Des pas d&rsquo;esp\u00e9rance pour la paix<\/span><\/a><\/div><\/li>\n<li><div class=\"wp-block-latest-posts__featured-image\"><img loading=\"lazy\" decoding=\"async\" width=\"300\" height=\"140\" src=\"http:\/\/cnd-freres.com\/wp-content\/uploads\/2025\/10\/WhatsApp-Image-2025-10-24-at-10.06.59-AM-300x140.jpeg\" class=\"attachment-medium size-medium wp-post-image\" alt=\"\" style=\"\" srcset=\"http:\/\/cnd-freres.com\/wp-content\/uploads\/2025\/10\/WhatsApp-Image-2025-10-24-at-10.06.59-AM-300x140.jpeg 300w, http:\/\/cnd-freres.com\/wp-content\/uploads\/2025\/10\/WhatsApp-Image-2025-10-24-at-10.06.59-AM-1024x478.jpeg 1024w, http:\/\/cnd-freres.com\/wp-content\/uploads\/2025\/10\/WhatsApp-Image-2025-10-24-at-10.06.59-AM-768x358.jpeg 768w, http:\/\/cnd-freres.com\/wp-content\/uploads\/2025\/10\/WhatsApp-Image-2025-10-24-at-10.06.59-AM.jpeg 1280w\" sizes=\"auto, (max-width: 300px) 100vw, 300px\" \/><\/div><a class=\"wp-block-latest-posts__post-title\" href=\"http:\/\/cnd-freres.com\/?p=8830\">La mission \u00e9ducative!<\/a><time datetime=\"2025-10-24T10:17:57+03:00\" class=\"wp-block-latest-posts__post-date\">24\/10\/2025<\/time><div class=\"wp-block-latest-posts__post-excerpt\">Dans le cadre de l\u2019association pour la mission \u00e9ducative, du 30 octobre au 4 novembre 2025, un groupe de 32 \u00e9ducateurs issus des sept \u00e9tablissements lasalliens du Liban prendra part au Jubil\u00e9 des \u00c9ducateurs \u00e0 Rome. Ce p\u00e8lerinage exceptionnel s\u2019inscrit dans une d\u00e9marche spirituelle et fraternelle, plac\u00e9e sous le signe du renouveau et de l\u2019esp\u00e9rance.\u2026 <a class=\"wp-block-latest-posts__read-more\" href=\"http:\/\/cnd-freres.com\/?p=8830\" rel=\"noopener noreferrer\">Lire la suite<span class=\"screen-reader-text\">\u00a0: La mission \u00e9ducative!<\/span><\/a><\/div><\/li>\n<\/ul>","protected":false},"excerpt":{"rendered":"<p>Actualit\u00e9s<\/p>\n","protected":false},"author":1,"featured_media":0,"parent":0,"menu_order":0,"comment_status":"closed","ping_status":"closed","template":"","meta":{"footnotes":""},"class_list":["post-386","page","type-page","status-publish","hentry"],"_links":{"self":[{"href":"http:\/\/cnd-freres.com\/index.php?rest_route=\/wp\/v2\/pages\/386","targetHints":{"allow":["GET"]}}],"collection":[{"href":"http:\/\/cnd-freres.com\/index.php?rest_route=\/wp\/v2\/pages"}],"about":[{"href":"http:\/\/cnd-freres.com\/index.php?rest_route=\/wp\/v2\/types\/page"}],"author":[{"embeddable":true,"href":"http:\/\/cnd-freres.com\/index.php?rest_route=\/wp\/v2\/users\/1"}],"replies":[{"embeddable":true,"href":"http:\/\/cnd-freres.com\/index.php?rest_route=%2Fwp%2Fv2%2Fcomments&post=386"}],"version-history":[{"count":2,"href":"http:\/\/cnd-freres.com\/index.php?rest_route=\/wp\/v2\/pages\/386\/revisions"}],"predecessor-version":[{"id":8764,"href":"http:\/\/cnd-freres.com\/index.php?rest_route=\/wp\/v2\/pages\/386\/revisions\/8764"}],"wp:attachment":[{"href":"http:\/\/cnd-freres.com\/index.php?rest_route=%2Fwp%2Fv2%2Fmedia&parent=386"}],"curies":[{"name":"wp","href":"https:\/\/api.w.org\/{rel}","templated":true}]}}