{"id":3021,"date":"2020-06-02T21:06:00","date_gmt":"2020-06-02T18:06:00","guid":{"rendered":"http:\/\/cnd-freres.com\/?page_id=3021"},"modified":"2023-01-18T18:14:07","modified_gmt":"2023-01-18T15:14:07","slug":"college-notre-dame-des-freres","status":"publish","type":"page","link":"http:\/\/cnd-freres.com\/?page_id=3021","title":{"rendered":"Histoire"},"content":{"rendered":"\n<p>Le coll\u00e8ge Notre-Dame, des Fr\u00e8res des Ecoles chr\u00e9tiennes, a commenc\u00e9 \u00e0 voir le jour en 1939, dans la banlieue sud de Beyrouth, \u00e0 Furn el Chebbak, dans un terrain avoisinant une for\u00eat de pins qui s\u2019\u00e9tendait \u00e0 perte de vue.<\/p>\n\n\n\n<p><br>Si le F. Humat L\u00e9on, premier inspecteur de cette \u00e9cole, revenait aujourd\u2019hui dans ce monde et dans ces lieux, il serait perdu et oblig\u00e9 de demander sa route aux passants. O\u00f9 est-elle pass\u00e9e cette for\u00eat de pins et d\u2019eucalyptus, o\u00f9 est-elle la petite \u00e9glise paroissiale Notre Dame, o\u00f9 est-elle ma petite \u00e9cole et mes 150 \u00e9l\u00e8ves, h\u00e9ritage intellectuel des Soeurs de la Charit\u00e9, dirait-il ?<\/p>\n\n\n\n<p><br>Bien s\u00fbr, il va \u00eatre surpris, le F. Humat L\u00e9on, aujourd\u2019hui, d\u2019apercevoir une immense chapelle sise entre 2 b\u00e2timents scolaires avec un terrain de foot-ball et des cours ciment\u00e9es o\u00f9 des \u00e9l\u00e8ves de tout \u00e2ge, circulent, jouent, crient\u2026<\/p>\n\n\n\n<p><br>Sa surprise va \u00eatre plus grande de voir 4 routes asphalt\u00e9es, encadrer le terrain achet\u00e9 aux P\u00e8res Lazaristes en 1938, et d\u2019entendre des voitures circuler jour et nuit causant parfois des embouteillages monstres qui d\u00e9clenchent d\u2019interminables klaxons, dans ce milieu jadis si calme et si tranquille. Des immeubles g\u00e9ants ont \u00e9galement remplac\u00e9 les pins centenaires de la for\u00eat.<\/p>\n\n\n\n<p><br>Oui F. Humat L\u00e9on, notre monde moderne a tout chang\u00e9. Les villes s\u2019\u00e9tirent, les chemins s\u2019\u00e9largissent, les voitures se multiplient, les immeubles grimpent tr\u00e8s haut, pour devenir parfois gratte-ciel.<\/p>\n\n\n\n<p><br>C\u2019est le cas aussi de votre petite \u00e9cole. Elle a grandi. Le nombre d\u2019\u00e9l\u00e8ves a fait \u00e9clater ses murs qui ont pris d\u2019autres dimensions et d\u2019autres formes.<\/p>\n\n\n\n<p><br>Les 150 \u00e9l\u00e8ves du d\u00e9but ont \u00e9t\u00e9 multipli\u00e9s par 10 pour atteindre le chiffre 1500 et plus. Alors, pour les abriter convenablement, un premier b\u00e2timent a surgi du sol, puis un second, puis un \u00e9tage, puis un demi-\u00e9tage.<\/p>\n\n\n\n<p><br>La petite chapelle qui contenait \u00e0 peine une centaine d\u2019\u00e9l\u00e8ves bien serr\u00e9s, a c\u00e9d\u00e9 la place \u00e0 cette immense chapelle qui surplombe un pr\u00e9au : abri contre le vent, la pluie, le soleil et terrain de volley, de basket et de football.<\/p>\n\n\n\n<p><br>Sur la cour, des fichus ont remplac\u00e9 les pins et les eucalyptus, le b\u00e9ton a couvert le sable.<\/p>\n\n\n\n<p><br>Fr\u00e8re Humat, l\u2019\u00e9tonnement de vous sentir \u00e9tranger dans ces lieux si familiers pour vous au si\u00e8cle dernier, ne nous \u00e9tonne nullement. Car notre monde \u00e9volue \u00e0 vue d\u2019oeil. Est-ce une \u00e9volution ou son contraire ?<\/p>\n\n\n\n<p><br>Mais ne soyons pas pessimistes, les \u00e9ducateurs doivent regarder l\u2019avenir avec optimisme et travailler \u00e0 la r\u00e9alisation d\u2019un monde meilleur, car \u00ab l\u2019avenir, l\u2019avenir est \u00e0 Dieu \u00bb s\u2019exclame le po\u00e8te Victor Hugo.<\/p>\n\n\n\n<p>En effet, vos Anciens qui savaient \u00e0 peine lire et \u00e9crire, occupent aujourd\u2019hui dans la soci\u00e9t\u00e9 des postes importants : grands officiers, avocats, ing\u00e9nieurs, m\u00e9decins, hommes d\u2019affaires, \u00e9ducateurs, pr\u00eatres\u2026<\/p>\n\n\n\n<p><br>Beaucoup sont fiers d\u2019avoir \u00e9t\u00e9 \u00e0 votre \u00e9cole, non seulement au niveau intellectuel, mais surtout, moral, civique et spirituel.<\/p>\n\n\n\n<p><br>Avec les Fr\u00e8res : Palatin Joseph, Natal de J\u00e9sus, L\u00e9once Joseph, Fran\u00e7ois Sakr, Gabriel Lenicki et cette kyrielle de Fr\u00e8res qui ont offert leur vie au service de cette jeunesse, \u00f4 F. Humat, avec eux, du haut du ciel, ne cessez de prier et de b\u00e9nir cette \u00e9cole, cette ruche d\u2019abeilles qui foisonne, fourmille, grandit et essaime!<\/p>\n\n\n\n<p><br>N\u2019oublions pas non plus, tous les Fr\u00e8res, et leurs Partenaires la\u00efcs qui ont men\u00e9 le bon combat et obtenu de grands r\u00e9sultats dont la R\u00e9gion et le Liban sont tr\u00e8s fiers.<\/p>\n\n\n\n<p><br>Le Coll\u00e8ge Notre Dame \u00e9tablit ses projets en fonction de l\u2019enseignement catholique, des orientations de la p\u00e9dagogie lasallienne qui porte sur le civique, intellectuel ou professionnel et spirituel et en accord avec la loi libanaise.<\/p>\n\n\n\n<p><br>L\u2019\u00e9tablissement accueille tous les enfants sans distinction avec une attention particuli\u00e8re pour la classe modeste. Et, m\u00eame si l\u2019\u00e9tablissement se distingue par son cachet chr\u00e9tien, il accueille des \u00e9l\u00e8ves de diff\u00e9rentes religions.<\/p>\n\n\n\n<p><br>En l\u2019an 2004 un directeur la\u00efc, M. Joseph ALWANE est nomm\u00e9; ainsi la direction du Coll\u00e8ge devient enti\u00e8rement form\u00e9e de la\u00efcs.<\/p>\n\n\n\n<p><br>En 2013, M. Richard FARES est nomm\u00e9 directeur, pour succ\u00e9der \u00e0 M. Joseph Alwane.<br>En 2016,le Coll\u00e8ge Notre Dame a obtenu le LabelFrancEducation (label de qualit\u00e9)<br>En 2017, la Communaut\u00e9 des Fr\u00e8res au Coll\u00e8ge Notre Dame est ferm\u00e9e.<br>En 2019, Mlle. Claire SAID est nomm\u00e9e directrice, pour succ\u00e9der \u00e0 M. Richard FARES.<\/p>\n\n\n\n<p><br>Actuellement l\u2019\u00e9tablissement comporte deux b\u00e2timents, le petit coll\u00e8ge (de la PS \u00e0 la EB 3), et le grand coll\u00e8ge (de la EB4 au brevet).Le cycle secondaire n\u2019existe pas au CND. Les \u00e9l\u00e8ves sortant de la EB 9 rejoignent soit le coll\u00e8ge du sacr\u00e9 coeur (Gemmayze) soit le Mont La Salle (Ain Saade).<\/p>\n\n\n\n<p><br>Dans chaque b\u00e2timent il y a deux terrains de jeux, l\u2019un ouvert et l\u2019autre ferm\u00e9. En plus, le coll\u00e8ge contient un centre sportif, un th\u00e9\u00e2tre, un terrain de football de superficie 4500 m2, trois terrains de basketball, un service d\u2019autocar, un CDI et une Amicale des Anciens El\u00e8ves tr\u00e8s active.<\/p>\n\n\n\n<p><br>Les langues enseign\u00e9es au CND sont le fran\u00e7ais, l\u2019arabe et l\u2019anglais.<\/p>\n\n\n\n<p><strong>Les coordonn\u00e9es du CND<\/strong><\/p>\n\n\n\n<p>T\u00e9l\u00e9phone : <a href=\"tel:01-380490\" data-type=\"tel\" data-id=\"tel:01-380490\">01-380490<\/a><br>Fax : 01-399351<br>Site web : <a href=\"http:\/\/www.cnd-freres.com\" data-type=\"URL\" data-id=\"http:\/\/www.cnd-freres.com\">www.cnd-freres.com<\/a><br>Courriel \u00e9lectronique : <a href=\"mailto:cndfreres@gmail.com\">cndfreres@gmail.com<\/a><br>Page sur facebook : <a href=\"http:\/\/facebook.com\/cndfreres\" data-type=\"URL\" data-id=\"facebook.com\/cndfreres\">facebook.com\/cndfreres<\/a><\/p>\n","protected":false},"excerpt":{"rendered":"<p>Le coll\u00e8ge Notre-Dame, des Fr\u00e8res des Ecoles chr\u00e9tiennes, a commenc\u00e9 \u00e0 voir le jour en 1939, dans la banlieue sud de Beyrouth, \u00e0 Furn el Chebbak, dans un terrain avoisinant une for\u00eat de pins qui s\u2019\u00e9tendait \u00e0 perte de vue. Si le F. Humat L\u00e9on, premier inspecteur de cette \u00e9cole, revenait aujourd\u2019hui dans ce monde [&hellip;]<\/p>\n","protected":false},"author":1,"featured_media":3030,"parent":0,"menu_order":0,"comment_status":"closed","ping_status":"closed","template":"","meta":{"footnotes":""},"class_list":["post-3021","page","type-page","status-publish","has-post-thumbnail","hentry"],"_links":{"self":[{"href":"http:\/\/cnd-freres.com\/index.php?rest_route=\/wp\/v2\/pages\/3021","targetHints":{"allow":["GET"]}}],"collection":[{"href":"http:\/\/cnd-freres.com\/index.php?rest_route=\/wp\/v2\/pages"}],"about":[{"href":"http:\/\/cnd-freres.com\/index.php?rest_route=\/wp\/v2\/types\/page"}],"author":[{"embeddable":true,"href":"http:\/\/cnd-freres.com\/index.php?rest_route=\/wp\/v2\/users\/1"}],"replies":[{"embeddable":true,"href":"http:\/\/cnd-freres.com\/index.php?rest_route=%2Fwp%2Fv2%2Fcomments&post=3021"}],"version-history":[{"count":0,"href":"http:\/\/cnd-freres.com\/index.php?rest_route=\/wp\/v2\/pages\/3021\/revisions"}],"wp:featuredmedia":[{"embeddable":true,"href":"http:\/\/cnd-freres.com\/index.php?rest_route=\/wp\/v2\/media\/3030"}],"wp:attachment":[{"href":"http:\/\/cnd-freres.com\/index.php?rest_route=%2Fwp%2Fv2%2Fmedia&parent=3021"}],"curies":[{"name":"wp","href":"https:\/\/api.w.org\/{rel}","templated":true}]}}